{"id":19,"date":"2020-09-07T17:23:38","date_gmt":"2020-09-07T15:23:38","guid":{"rendered":"https:\/\/www.feuer-zeug.at\/haendlerportal\/impressum\/"},"modified":"2023-05-08T15:43:56","modified_gmt":"2023-05-08T13:43:56","slug":"impressum","status":"publish","type":"page","link":"https:\/\/www.feuer-zeug.at\/haendlerportal\/impressum\/","title":{"rendered":"Impressum"},"content":{"rendered":"<div id='av_section_1'  class='avia-section av-5qd2tq-4a7fbb27f8e800166c02bd85895f3546 main_color avia-section-default avia-no-border-styling  avia-builder-el-0  avia-builder-el-no-sibling  avia-bg-style-scroll container_wrap fullsize'  ><div class='container av-section-cont-open' ><main  class='template-page content  av-content-full alpha units'><div class='post-entry post-entry-type-page post-entry-19'><div class='entry-content-wrapper clearfix'>\n\n<style type=\"text\/css\" data-created_by=\"avia_inline_auto\" id=\"style-css-av-400zse-10893e8775c2aa97dd478218d8e999c6\">\n.flex_column.av-400zse-10893e8775c2aa97dd478218d8e999c6{\nborder-radius:0px 0px 0px 0px;\npadding:0px 0px 0px 0px;\n}\n<\/style>\n<div  class='flex_column av-400zse-10893e8775c2aa97dd478218d8e999c6 av_one_full  avia-builder-el-1  el_before_av_one_full  avia-builder-el-first  first flex_column_div av-zero-column-padding  '     ><style type=\"text\/css\" data-created_by=\"avia_inline_auto\" id=\"style-css-av-20jowj-4b56022f8c674cce4bf685718c4e21b1\">\n#top .av-special-heading.av-20jowj-4b56022f8c674cce4bf685718c4e21b1{\npadding-bottom:10px;\n}\nbody .av-special-heading.av-20jowj-4b56022f8c674cce4bf685718c4e21b1 .av-special-heading-tag .heading-char{\nfont-size:25px;\n}\n.av-special-heading.av-20jowj-4b56022f8c674cce4bf685718c4e21b1 .av-subheading{\nfont-size:15px;\n}\n<\/style>\n<div  class='av-special-heading av-20jowj-4b56022f8c674cce4bf685718c4e21b1 av-special-heading-h1 blockquote modern-quote modern-centered  avia-builder-el-2  avia-builder-el-no-sibling '><h1 class='av-special-heading-tag '  >Impressum<\/h1><div class=\"special-heading-border\"><div class=\"special-heading-inner-border\"><\/div><\/div><\/div><\/div>\n<style type=\"text\/css\" data-created_by=\"avia_inline_auto\" id=\"style-css-av-2ic4ge-9fc9968a9f458b406f8e30f6c8cf59d8\">\n.flex_column.av-2ic4ge-9fc9968a9f458b406f8e30f6c8cf59d8{\nborder-radius:0px 0px 0px 0px;\npadding:0px 0px 0px 0px;\n}\n<\/style>\n<div  class='flex_column av-2ic4ge-9fc9968a9f458b406f8e30f6c8cf59d8 av_one_full  avia-builder-el-3  el_after_av_one_full  el_before_av_one_full  first flex_column_div av-zero-column-padding  column-top-margin'     ><section  class='av_textblock_section av-keso6mx9-9ac8e02a1122688079c7ac5475fdc3d9 '  ><div class='avia_textblock' ><p>MV Chili-Manufaktur GmbH<br \/>\nSonnenhang 1\/4<br \/>\n4223 Katsdorf<\/p>\n<p><a href=\"tel:43699%10905021\">+43 699 10905021<\/a><br \/>\n<a href=\"mailto:office@feuer-zeug.at\">office<span class=\"bots-nightmare\">@<\/span>feuer-zeug<span class=\"bots-destruction\">.<\/span>at<\/a><\/p>\n<p>MV Chili-Manufaktur<\/p>\n<p>Lebensmittelproduktion und Handel<\/p>\n<p>UID-Nummer: ATU71056527<br \/>\nFirmenbuch-Nummer: FN 453728y<br \/>\nFirmenbuch-Gericht: Landesgericht\u00a0Linz<\/p>\n<p>Mitglied der WKO Ober\u00f6sterreich, Gewerbe: Lebensmittelproduktion und Handel<\/p>\n<p>Rechtsvorschriften: Gewerbeordnung<\/p>\n<p>Aufsichtsbeh\u00f6rde\/Gewerbebeh\u00f6rde:\u00a0Bezirkshauptmannschaft Urfahr Umgebung<br \/>\nVerleihungsstaat: Studien des gewerberechtlichen Gesch\u00e4ftsf\u00fchrers abgeschlossen in \u00d6sterreich<\/p>\n<\/div><\/section><\/div>\n<style type=\"text\/css\" data-created_by=\"avia_inline_auto\" id=\"style-css-av-2ic4ge-9fc9968a9f458b406f8e30f6c8cf59d8\">\n.flex_column.av-2ic4ge-9fc9968a9f458b406f8e30f6c8cf59d8{\nborder-radius:0px 0px 0px 0px;\npadding:0px 0px 0px 0px;\n}\n<\/style>\n<div  class='flex_column av-2ic4ge-9fc9968a9f458b406f8e30f6c8cf59d8 av_one_full  avia-builder-el-5  el_after_av_one_full  avia-builder-el-last  first flex_column_div av-zero-column-padding  column-top-margin'     ><section  class='av_textblock_section av-keso6mx9-d3a79c0e1ebfa0d2df8003332d013049 '  ><div class='avia_textblock' ><p>Konzept, Design &amp; Programmierung<br \/>\n<a href=\"https:\/\/www.digihouse-werbeagentur.at\/\" target=\"_blank\" rel=\"noopener\">DIGIHOUSE Werbeagentur<\/a><\/p>\n<\/div><\/section><\/div>\n","protected":false},"excerpt":{"rendered":"","protected":false},"author":1,"featured_media":0,"parent":0,"menu_order":0,"comment_status":"closed","ping_status":"closed","template":"","meta":{"_acf_changed":false,"inline_featured_image":false,"footnotes":""},"class_list":["post-19","page","type-page","status-publish","hentry"],"acf":[],"_links":{"self":[{"href":"https:\/\/www.feuer-zeug.at\/haendlerportal\/wp-json\/wp\/v2\/pages\/19","targetHints":{"allow":["GET"]}}],"collection":[{"href":"https:\/\/www.feuer-zeug.at\/haendlerportal\/wp-json\/wp\/v2\/pages"}],"about":[{"href":"https:\/\/www.feuer-zeug.at\/haendlerportal\/wp-json\/wp\/v2\/types\/page"}],"author":[{"embeddable":true,"href":"https:\/\/www.feuer-zeug.at\/haendlerportal\/wp-json\/wp\/v2\/users\/1"}],"replies":[{"embeddable":true,"href":"https:\/\/www.feuer-zeug.at\/haendlerportal\/wp-json\/wp\/v2\/comments?post=19"}],"version-history":[{"count":2,"href":"https:\/\/www.feuer-zeug.at\/haendlerportal\/wp-json\/wp\/v2\/pages\/19\/revisions"}],"predecessor-version":[{"id":1425,"href":"https:\/\/www.feuer-zeug.at\/haendlerportal\/wp-json\/wp\/v2\/pages\/19\/revisions\/1425"}],"wp:attachment":[{"href":"https:\/\/www.feuer-zeug.at\/haendlerportal\/wp-json\/wp\/v2\/media?parent=19"}],"curies":[{"name":"wp","href":"https:\/\/api.w.org\/{rel}","templated":true}]}}