{"id":22,"date":"2020-03-27T11:22:02","date_gmt":"2020-03-27T10:22:02","guid":{"rendered":"https:\/\/www.feuer-zeug.at\/haendlerportal\/datenschutzerklaerung\/"},"modified":"2023-05-08T15:44:43","modified_gmt":"2023-05-08T13:44:43","slug":"datenschutzerklaerung","status":"publish","type":"page","link":"https:\/\/www.feuer-zeug.at\/haendlerportal\/datenschutzerklaerung\/","title":{"rendered":"Datenschutzerkl\u00e4rung"},"content":{"rendered":"<div id='av_section_1'  class='avia-section av-4my3-cc12f449eeff6eae364453cac748433f main_color avia-section-default avia-no-border-styling  avia-builder-el-0  avia-builder-el-no-sibling  avia-bg-style-scroll container_wrap fullsize'  ><div class='container av-section-cont-open' ><main  class='template-page content  av-content-full alpha units'><div class='post-entry post-entry-type-page post-entry-22'><div class='entry-content-wrapper clearfix'>\n\n<style type=\"text\/css\" data-created_by=\"avia_inline_auto\" id=\"style-css-av-9of-8ac9a9286bd50df97fab58cdc8082db5\">\n.flex_column.av-9of-8ac9a9286bd50df97fab58cdc8082db5{\nborder-radius:0px 0px 0px 0px;\npadding:0px 0px 0px 0px;\n}\n<\/style>\n<div  class='flex_column av-9of-8ac9a9286bd50df97fab58cdc8082db5 av_one_full  avia-builder-el-1  el_before_av_one_full  avia-builder-el-first  first flex_column_div av-zero-column-padding  '     ><style type=\"text\/css\" data-created_by=\"avia_inline_auto\" id=\"style-css-av-440f-3fd088f431b5ca9dc89984df242dfd54\">\n#top .av-special-heading.av-440f-3fd088f431b5ca9dc89984df242dfd54{\npadding-bottom:10px;\n}\nbody .av-special-heading.av-440f-3fd088f431b5ca9dc89984df242dfd54 .av-special-heading-tag .heading-char{\nfont-size:25px;\n}\n.av-special-heading.av-440f-3fd088f431b5ca9dc89984df242dfd54 .av-subheading{\nfont-size:15px;\n}\n<\/style>\n<div  class='av-special-heading av-440f-3fd088f431b5ca9dc89984df242dfd54 av-special-heading-h1 blockquote modern-quote modern-centered  avia-builder-el-2  avia-builder-el-no-sibling '><h1 class='av-special-heading-tag '  >Datenschutzerkl\u00e4rung<\/h1><div class=\"special-heading-border\"><div class=\"special-heading-inner-border\"><\/div><\/div><\/div><\/div>\n<style type=\"text\/css\" data-created_by=\"avia_inline_auto\" id=\"style-css-av-9of-8ac9a9286bd50df97fab58cdc8082db5\">\n.flex_column.av-9of-8ac9a9286bd50df97fab58cdc8082db5{\nborder-radius:0px 0px 0px 0px;\npadding:0px 0px 0px 0px;\n}\n<\/style>\n<div  class='flex_column av-9of-8ac9a9286bd50df97fab58cdc8082db5 av_one_full  avia-builder-el-3  el_after_av_one_full  avia-builder-el-last  first flex_column_div av-zero-column-padding  column-top-margin'     ><section  class='av_textblock_section av-keso3sva-ec6e262e1738277f0ee63c27740a9e2d '  ><div class='avia_textblock' ><p><b>Verantwortlicher:<\/b><\/p>\n<p>MV Chili-Manufaktur GmbH FN 453728y,<br \/>\nSonnenhang 1\/4<br \/>\n4223 Katsdorf<\/p>\n<p>Telefon: +43 699 18247149<\/p>\n<p><a class=\"mail\" title=\"Opens window for sending email\">office@feuer-zeug.at<\/a><\/p>\n<p>Es ist\u00a0<b>kein<\/b>\u00a0Datenschutzbeauftragter bestellt, da dies gesetzlich nicht notwendig ist.<\/p>\n<p><b>Allgemeines<\/b><\/p>\n<p>Der Schutz und die Sicherheit Ihrer pers\u00f6nlichen Daten sind uns ein wichtiges Anliegen. Diese Webseite speichert und verarbeitet Daten daher ausschlie\u00dflich im Sinne der \u00f6sterreichischen und europ\u00e4ischen Datenschutzgrundverordnung (DSGVO). Sie als Nutzer stimmen der Datenverarbeitung im Sinne dieser Erkl\u00e4rung zu. Die aktuelle Fassung der DSG VO finden sie unter\u00a0<a class=\"external-link-new-window\" title=\"Opens external link in new window\" href=\"http:\/\/eur-lex.europa.eu\/legal-content\/DE\/TXT\/HTML\/?uri=CELEX:32016R0679&amp;from=DE\" target=\"_blank\" rel=\"noopener\">http:\/\/eur-lex.europa.eu\/legal-content\/DE\/TXT\/HTML\/?uri=CELEX:32016R0679&amp;from=DE<\/a><\/p>\n<p><a href=\"https:\/\/www.feuer-zeug.at\/\" target=\"_blank\" rel=\"noopener\" name=\"_Hlk494371448\">https:\/\/www.feuer-zeug.at\/<\/a><a href=\"https:\/\/www.feuer-zeug.at\/\" target=\"_blank\" rel=\"noopener\" name=\"_Hlk494371495\">https:\/\/www.feuer-zeug.at\/<\/a>\u00a0Diese Datenschutzerkl\u00e4rung bezieht sich nur auf diese Webseite. Falls Sie \u00fcber Links auf unseren Seiten auf andere Seiten weitergeleitet werden, informieren Sie sich direkt auf der weitergeleiteten Webseite \u00fcber den jeweiligen Umgang mit Ihren Daten. Ihre personenbezogenen Daten (z.B. Anrede, Name, Anschrift, E-Mail-Adresse, Telefonnummer, Bankverbindung, Kreditkartennummer) werden von uns nur gem\u00e4\u00df den Bestimmungen des \u00f6sterreichischen Datenschutzrechts verarbeitet. Die nachfolgenden Vorschriften informieren Sie \u00fcber Art, Umfang und Zweck der Erhebung, Verarbeitung und Nutzung personenbezogener Daten.<\/p>\n<article>Die Nutzung dieser Webseite ist in der Regel ohne Angabe personenbezogener Daten m\u00f6glich. Soweit auf unseren Seiten personenbezogene Daten (beispielsweise Name, Anschrift oder E-Mail-Adressen) erhoben werden, erfolgt dies, soweit m\u00f6glich, stets auf freiwilliger Basis. Diese Daten werden ohne Ihre ausdr\u00fcckliche Zustimmung nicht an Dritte weitergegeben.Wir weisen darauf hin, dass die Daten\u00fcbertragung im Internet (z.B. bei der Kommunikation per E-Mail, oder \u00fcber nicht verschl\u00fcsselte Webseiten) Sicherheitsl\u00fccken aufweisen kann. Ein l\u00fcckenloser Schutz der Daten vor dem Zugriff durch Dritte ist nicht m\u00f6glich.<\/p>\n<\/article>\n<p>Bei Beauftragung \u00fcber unsere Webseite werden Ihre \u00fcbermittelten oder eingegebenen Daten manuell oder automatisiert mit dem vorhandenen Datenbestand auf G\u00fcltigkeit und Aktualit\u00e4t \u00fcberpr\u00fcft und gegebenenfalls abgeglichen um die bei uns gespeicherten Daten zu korrigieren. Dazu kann es notwendig sein, dass unsere MitarbeiterInnen mit Ihnen Kontakt aufnehmen m\u00fcssen. Dies geschieht mittels E-Mail oder telefonisch. Die von Ihnen eingegebenen Daten werden ausschlie\u00dflich f\u00fcr die Bearbeitung der Bestellung oder die Abwicklung der Anmeldung verwendet, eine Weitergabe der Daten an Dritte erfolgt nicht.<\/p>\n<p><b>Betroffenenrechte<\/b><\/p>\n<p>Nach der EU Datenschutzgrundverordnung stehen Ihnen als Betroffener umfangreiche Rechte zu. Diese Rechte sollen vor allem f\u00fcr mehr Transparenz im Zusammenhang mit Ihren Daten sorgen. Ihre Rechte als betroffene Person sind das Recht auf Auskunft \u00fcber die Sie betreffenden personenbezogenen Daten, auf Berichtigung, L\u00f6schung, Einschr\u00e4nkung der Verarbeitung, Widerspruch gegen die Verarbeitung (Direktmarketing) sowie auf Daten\u00fcbertragbarkeit (nur bei Vertragbeziehung oder Einwilligung) und jederzeitigen Widerruf einer Einwilligung. Dar\u00fcber hinaus haben Sie jederzeit das Recht, hinsichtlich der Verarbeitung Ihrer personenbezogenen Daten Beschwerde bei der Datenschutzbeh\u00f6rde einzubringen. Die betroffenen Personen k\u00f6nnen s\u00e4mtliche Rechte durch ein Email an (office@feuer-zeug.at\u00a0von Datenschutzkontakt einsetzen) oder durch pers\u00f6nliche Kontaktaufnahme (z.B. per Telefon oder direkt vor Ort) oder durch eine Mitteilung per Post oder Telefax (Kundentelefonnummer und Faxnummer anf\u00fchren) sowie auch \u00fcber das\u00a0<a class=\"external-link-new-window\" title=\"Opens internal link in current window\" href=\"https:\/\/www.feuer-zeug.at\/#Kontakt\" target=\"_blank\" rel=\"noopener\">Kontaktformular<\/a>\u00a0der Website aus\u00fcben.<\/p>\n<p><b>Datenl\u00f6schung<\/b><\/p>\n<p>Ihre Daten werden gel\u00f6scht, sobald der jeweilige Vertrag mit Ihnen erf\u00fcllt ist und keine gesetzliche Pflicht zur Speicherung der Daten mehr besteht. So werden Ihre Daten grunds\u00e4tzlich am Ende des 7. (siebenten) Jahres nach Verbuchung des letzten Beleges gel\u00f6scht; Aufbewahrungsfrist nach \u00a7 132 BAO. Gesetzliche\/rechtliche Aufbewahrungspflichten oder vertragliche Verpflichtungen z.B. gegen\u00fcber Kunden aus Gew\u00e4hrleistung oder Schadenersatz oder gegen\u00fcber Vertragspartnern sind eine Grundlage die personenbezogenen Daten weiterhin zu speichern. (Art 6 Abs 1 lit c DSGVO &#8211; Grundlage der Rechtm\u00e4\u00dfigkeit der Verarbeitung: gesetzliche \/ rechtliche Verpflichtung)<\/p>\n<p><b>\u00dcbermittlung an Empf\u00e4nger in Drittl\u00e4ndern<\/b><\/p>\n<p>Die von uns erhobenen Daten werden \u00fcblicherweise nicht an Empf\u00e4nger in Drittl\u00e4ndern \u00fcbermittelt. Sollte doch eine \u00dcbermittlung an Empf\u00e4nger in Drittl\u00e4nder erfolgen, dann erfolgt dies im Rahmen einer vertraglichen Regelung mit dem Empf\u00e4nger und auch nur im notwendigen Umfang.<\/p>\n<p><b>Links<\/b><\/p>\n<p>Wir \u00fcberpr\u00fcfen Links, die unsere Webseite verlassen, redaktionell sehr sorgf\u00e4ltig. Trotzdem \u00fcbernehmen wir f\u00fcr Inhalte auf Seiten, auf die von dieser Webseite oder von einem anderen Internetauftritt aus gelinkt wird, keinerlei Verantwortung oder Haftung.<\/p>\n<p><b>Kontaktformular<\/b><\/p>\n<p>Wenn Sie uns per\u00a0<a class=\"external-link-new-window\" title=\"Opens internal link in current window\" href=\"https:\/\/www.feuer-zeug.at\/#Kontakt\" target=\"_blank\" rel=\"noopener\">Kontaktformular<\/a>\u00a0Anfragen zukommen lassen, werden Ihre Angaben aus dem Anfrageformular, inklusive der von Ihnen dort angegebenen Kontaktdaten, zwecks Bearbeitung der Anfrage bei uns gespeichert. Diese Daten geben wir nicht ohne Ihrer Einwilligung weiter. Nach Beantwortung ihrer Anfrage werden ihre Kontaktdaten automatisch gel\u00f6scht.<\/p>\n<p><b>Gewinnspiel<\/b><\/p>\n<p>Wenn Sie an unserem Gewinnspiel auf der Webseite teilnehmen, werden Ihre Angaben aus dem Formular, inklusive der von Ihnen dort angegebenen Kontaktdaten, zwecks Durchf\u00fchrung des Gewinnspiels bei uns gespeichert. Diese Daten geben wir nicht ohne Ihrer Einwilligung weiter. Sobald das Gewinnspiel beendet ist, werden ihre Daten automatisch gel\u00f6scht.<\/p>\n<p><b>Bestandsdaten<\/b><\/p>\n<p>Ohne Ihre ausdr\u00fcckliche Einwilligung oder ohne gesetzliche Grundlage werden Ihre personenbezogenen Daten nicht an au\u00dferhalb der Vertragsabwicklung stehende Dritte weitergegeben. Nach vollst\u00e4ndiger Vertragsabwicklung werden Ihre Daten f\u00fcr die weitere Verwendung gesperrt. Nach Ablauf der steuer- und handelsrechtlichen Vorschriften werden diese Daten gel\u00f6scht (siehe Datenl\u00f6schung), sofern Sie nicht ausdr\u00fccklich in die weitere Nutzung eingewilligt haben. Gewisse Daten werden zu Marketing Zwecken aufgrund unseres berechtigten Interesses auch weiterhin unserer Marketing-Abteilung zur Verf\u00fcgung stehen. Ihre personenbezogenen Daten, soweit diese f\u00fcr die Begr\u00fcndung, inhaltliche Ausgestaltung oder \u00c4nderung des Vertragsverh\u00e4ltnisses erforderlich sind (Bestandsdaten), werden ausschlie\u00dflich zur Vertragsabwicklung verwendet. So muss z.B. zur Zustellung der Waren Ihr Name und Ihre Anschrift an den Warenlieferanten weitergegeben werden.<\/p>\n<p><b>Bonit\u00e4ts\u00fcberpr\u00fcfung<\/b><\/p>\n<p>Soweit wir in Vorleistung treten, z.B. bei Zahlung auf Rechnung, holen wir ggf. eine Bonit\u00e4tsauskunft \u00fcber Sie ein. Daf\u00fcr werden wir Ihre personenbezogenen Daten (z.B. Name und Anschrift) an dieses Unternehmen weiterleiten. Auf der Basis mathematisch-statistischer Verfahren wird gepr\u00fcft, wie hoch das Risiko eines Zahlungsausfalls ist. Vom Ergebnis der Bonit\u00e4ts\u00fcberpr\u00fcfung machen wir den Kaufvertragsabschluss abh\u00e4ngig.<\/p>\n<p><b>Informationen \u00fcber Cookies<\/b><\/p>\n<p>Man unterscheidet drei Kategorien von Cookies:<\/p>\n<p># unbedingt notwendige Cookies um grundlegende Funktionen der Website sicherzustellen<\/p>\n<p># funktionelle Cookies um die Leistung der Webseite sicherzustellen<\/p>\n<p># zielorientierte Cookies um das Benutzererlebnis zu verbessern.<\/p>\n<p>Die Internetseiten verwenden teilweise sogenannte Cookies. Cookies richten auf Ihrem Rechner keinen Schaden an und enthalten keine Viren. Cookies dienen dazu, unser Angebot nutzerfreundlicher, effektiver und sicherer zu machen. Cookies sind kleine Textdateien, die auf Ihrem Rechner abgelegt werden und die Ihr Browser speichert. Die meisten der von uns verwendeten Cookies sind so genannte \u201eSession-Cookies\u201c. Sie werden nach Ende Ihres Besuchs automatisch gel\u00f6scht. Andere Cookies bleiben auf Ihrem Endger\u00e4t gespeichert, bis Sie diese l\u00f6schen. Diese Cookies erm\u00f6glichen es uns, Ihren Browser beim n\u00e4chsten Besuch wiederzuerkennen. Sie k\u00f6nnen Ihren Browser so einstellen, dass Sie \u00fcber das Setzen von Cookies informiert werden und Cookies nur im Einzelfall erlauben, die Annahme von Cookies f\u00fcr bestimmte F\u00e4lle oder generell ausschlie\u00dfen sowie das automatische L\u00f6schen der Cookies beim Schlie\u00dfen des Browsers aktivieren. Bei der Deaktivierung von Cookies kann die Funktionalit\u00e4t dieser Website eingeschr\u00e4nkt sein.<\/p>\n<p><b>Funktionseinschr\u00e4nkungen ohne Cookies<\/b><\/p>\n<p>Wenn Sie uns generell nicht gestatten, Cookies zu nutzen, werden gewisse Funktionen und Seiten nicht wie erwartet funktionieren.<\/p>\n<p><a class=\"borlabs-cookie-preference\" href=\"#\">Cookieeinstellungen \u00f6ffnen<\/a><\/p>\n<p><b>Webanalyse mit Google Analytics<\/b><\/p>\n<p>Diese Website nutzt Funktionen des Webanalysedienstes Google Analytics. Anbieter ist die Google Inc., 1600 Amphitheatre Parkway Mountain View, CA 94043, USA. Google Analytics verwendet zielorientierten Cookies. Mehr Informationen zum Umgang mit Nutzerdaten bei Google Analytics finden Sie in der Datenschutzerkl\u00e4rung von Google:\u00a0<a href=\"https:\/\/support.google.com\/analytics\/answer\/6004245?hl=de\" target=\"_blank\" rel=\"noopener\">support.google.com\/analytics\/answer\/6004245<\/a>\u00a0Sie k\u00f6nnen die Erfassung, der durch das Cookie erzeugten und auf Ihre Nutzung der Website bezogenen Daten an Google, sowie die Verarbeitung dieser Daten durch Google verhindern, indem Sie das unter dem folgenden Link verf\u00fcgbare Browser-Plugin herunterladen und installieren:\u00a0<a href=\"https:\/\/tools.google.com\/dlpage\/gaoptout?hl=de\" target=\"_blank\" rel=\"noopener\">tools.google.com\/dlpage\/gaoptout<\/a>\u00a0Alternativ k\u00f6nnen Sie die Erfassung Ihrer Daten durch Google Analytics verhindern, indem Sie auf folgenden Link klicken. Es wird ein Opt-Out-Cookie gesetzt, das die Erfassung Ihrer Daten bei zuk\u00fcnftigen Besuchen dieser Website verhindert: Google Analytics deaktivieren Diese Webseite benutzt Google Analytics mit der Erweiterung &#8222;anonymizeIP()&#8220;, damit die IP-Adressen nur gek\u00fcrzt weiterverarbeitet werden, um eine direkte Personenbeziehbarkeit auszuschlie\u00dfen.<\/p>\n<p><b>Server-Log-Files<\/b><\/p>\n<p>Der Provider der Seiten erhebt und speichert automatisch Informationen in so genannten Server-Log Files, die Ihr Browser automatisch an uns \u00fcbermittelt. Dies sind:<\/p>\n<p>Browsertyp und Browserversion<\/p>\n<p>verwendetes Betriebssystem<\/p>\n<p>Referrer URL<\/p>\n<p>Hostname des zugreifenden Rechners<\/p>\n<p>Uhrzeit der Serveranfrage<\/p>\n<p>IP Adresse<\/p>\n<p>Diese Daten sind nicht bestimmten Personen zuordenbar. Eine Zusammenf\u00fchrung dieser Daten mit anderen Datenquellen wird nicht vorgenommen. Wir behalten uns vor, diese Daten nachtr\u00e4glich zu pr\u00fcfen, wenn uns konkrete Anhaltspunkte f\u00fcr eine rechtswidrige Nutzung bekannt werden.<\/p>\n<p><b>Social Plugins von Facebook<\/b><\/p>\n<p>Wir verwenden Social Plugins von facebook.com, betrieben durch Facebook Inc., 1 Hacker Way, Menlo Park, California 94025, USA. Die Plugins sind an dem Facebook Logo oder dem Zusatz &#8222;Facebook Social Plugin&#8220; zu erkennen. Wenn Sie z.B. den &#8222;Gef\u00e4llt mir&#8220; Button anklicken oder einen Kommentar abgeben, wird die entsprechende Information von Ihrem Browser direkt an Facebook \u00fcbermittelt und dort gespeichert. Weiterhin macht Facebook Ihre Vorlieben f\u00fcr Ihre Facebook-Freunde \u00f6ffentlich. Sind Sie bei Facebook eingeloggt, kann Facebook den Aufruf unserer Seite Ihrem Facebook-Konto direkt zuordnen. Auch wenn Sie nicht eingeloggt sind oder gar kein Facebook-Konto besitzen, \u00fcbermittelt Ihr Browser Informationen (z.B. welchen Webseite Sie aufgerufen haben, Ihre IP-Adresse), die von Facebook gespeichert werden. Wir weisen darauf hin, dass wir als Anbieter der Seiten keine Kenntnis vom Inhalt der \u00fcbermittelten Daten sowie deren Nutzung durch Facebook erhalten. Details zum Umgang mit Ihren pers\u00f6nlichen Daten durch Facebook sowie Ihren diesbez\u00fcglichen Rechten entnehmen Sie bitte den Datenschutzhinweisen von Facebook:\u00a0<a href=\"http:\/\/www.facebook.com\/policy.php\" target=\"_blank\" rel=\"noopener\">www.facebook.com\/policy.php<\/a>. Wenn Sie nicht m\u00f6chten, dass Facebook die \u00fcber unsere Webseiten \u00fcber Sie gesammelten Daten Ihrem Facebook-Konto zuordnet, m\u00fcssen Sie sich vor Ihrem Besuch unserer Webseiten bei Facebook ausloggen.<\/p>\n<p><b>Newsletter<\/b><\/p>\n<p>Wenn Sie den auf der Webseite angebotenen Newsletter beziehen m\u00f6chten, ben\u00f6tigen wir von Ihnen eine E-Mail-Adresse sowie Informationen, welche uns die \u00dcberpr\u00fcfung gestatten, dass Sie der Inhaber der angegebenen E-Mail-Adresse sind und mit dem Empfang des Newsletters einverstanden sind. Weitere Daten werden nicht erhoben. Diese Daten verwenden wir ausschlie\u00dflich f\u00fcr den Versand der angeforderten Informationen und geben sie nicht an Dritte weiter. Die erteilte Einwilligung zur Speicherung der Daten, der E-Mail-Adresse sowie deren Nutzung zum Versand des Newsletters k\u00f6nnen Sie jederzeit widerrufen, etwa \u00fcber den &#8222;Austragen&#8220;-Link im Newsletter.<\/p>\n<p><b>SSL-Verschl\u00fcsselung<\/b><\/p>\n<p>Diese Seite nutzt aus Gr\u00fcnden der Sicherheit und zum Schutz der \u00dcbertragung vertraulicher Inhalte, wie zum Beispiel der Anfragen, die Sie an uns als Seitenbetreiber senden, eine SSL-Verschl\u00fcsselung. Eine verschl\u00fcsselte Verbindung erkennen Sie daran, dass die Adresszeile des Browsers von &#8222;http:\/\/&#8220; auf &#8222;https:\/\/&#8220; wechselt und an dem Schloss-Symbol in Ihrer Browserzeile. Wenn die SSL Verschl\u00fcsselung aktiviert ist, k\u00f6nnen die Daten, die Sie an uns \u00fcbermitteln, nicht von Dritten mitgelesen werden.<\/p>\n<\/div><\/section><\/div>\n","protected":false},"excerpt":{"rendered":"","protected":false},"author":1,"featured_media":0,"parent":0,"menu_order":0,"comment_status":"closed","ping_status":"open","template":"","meta":{"_acf_changed":false,"inline_featured_image":false,"footnotes":""},"class_list":["post-22","page","type-page","status-publish","hentry"],"acf":[],"_links":{"self":[{"href":"https:\/\/www.feuer-zeug.at\/haendlerportal\/wp-json\/wp\/v2\/pages\/22","targetHints":{"allow":["GET"]}}],"collection":[{"href":"https:\/\/www.feuer-zeug.at\/haendlerportal\/wp-json\/wp\/v2\/pages"}],"about":[{"href":"https:\/\/www.feuer-zeug.at\/haendlerportal\/wp-json\/wp\/v2\/types\/page"}],"author":[{"embeddable":true,"href":"https:\/\/www.feuer-zeug.at\/haendlerportal\/wp-json\/wp\/v2\/users\/1"}],"replies":[{"embeddable":true,"href":"https:\/\/www.feuer-zeug.at\/haendlerportal\/wp-json\/wp\/v2\/comments?post=22"}],"version-history":[{"count":2,"href":"https:\/\/www.feuer-zeug.at\/haendlerportal\/wp-json\/wp\/v2\/pages\/22\/revisions"}],"predecessor-version":[{"id":1427,"href":"https:\/\/www.feuer-zeug.at\/haendlerportal\/wp-json\/wp\/v2\/pages\/22\/revisions\/1427"}],"wp:attachment":[{"href":"https:\/\/www.feuer-zeug.at\/haendlerportal\/wp-json\/wp\/v2\/media?parent=22"}],"curies":[{"name":"wp","href":"https:\/\/api.w.org\/{rel}","templated":true}]}}