{"id":31,"date":"2015-03-02T13:12:12","date_gmt":"2015-03-02T12:12:12","guid":{"rendered":"https:\/\/www.feuer-zeug.at\/haendlerportal\/home\/"},"modified":"2024-10-04T10:13:26","modified_gmt":"2024-10-04T08:13:26","slug":"home","status":"publish","type":"page","link":"https:\/\/www.feuer-zeug.at\/haendlerportal\/","title":{"rendered":"Home"},"content":{"rendered":"<div id='av_section_1'  class='avia-section av-557u20-1381130d5782d7c7f3aecf812405aee5 main_color avia-section-default avia-no-border-styling  avia-builder-el-0  el_before_av_section  avia-builder-el-first  fullwidth avia-bg-style-scroll container_wrap fullsize'  ><div class='container av-section-cont-open' ><main  class='template-page content  av-content-full alpha units'><div class='post-entry post-entry-type-page post-entry-31'><div class='entry-content-wrapper clearfix'>\n\n<style type=\"text\/css\" data-created_by=\"avia_inline_auto\" id=\"style-css-av-cj0i0-b6b26c8458aa55ffbd8dbf937beb60ce\">\n.flex_column.av-cj0i0-b6b26c8458aa55ffbd8dbf937beb60ce{\nborder-radius:0px 0px 0px 0px;\npadding:0px 0px 0px 0px;\n}\n<\/style>\n<div  class='flex_column av-cj0i0-b6b26c8458aa55ffbd8dbf937beb60ce av_one_full  avia-builder-el-1  el_before_av_one_full  avia-builder-el-first  first flex_column_div av-zero-column-padding  '     ><p>\n<style type=\"text\/css\" data-created_by=\"avia_inline_auto\" id=\"style-css-av-btf7c-7f305205fcb1ccb0c57aad6e74c22ab7\">\n#top .av-special-heading.av-btf7c-7f305205fcb1ccb0c57aad6e74c22ab7{\npadding-bottom:10px;\n}\nbody .av-special-heading.av-btf7c-7f305205fcb1ccb0c57aad6e74c22ab7 .av-special-heading-tag .heading-char{\nfont-size:25px;\n}\n.av-special-heading.av-btf7c-7f305205fcb1ccb0c57aad6e74c22ab7 .av-subheading{\nfont-size:15px;\n}\n<\/style>\n<div  class='av-special-heading av-btf7c-7f305205fcb1ccb0c57aad6e74c22ab7 av-special-heading-h1 blockquote modern-quote modern-centered  avia-builder-el-2  el_before_av_textblock  avia-builder-el-first '><h1 class='av-special-heading-tag '  >FEUERzeug H\u00e4ndlerportal<\/h1><div class=\"special-heading-border\"><div class=\"special-heading-inner-border\"><\/div><\/div><\/div><br \/>\n<section  class='av_textblock_section av-kgaozb48-26f916ad24db39d0ded29c496562bc42 '  ><div class='avia_textblock' ><p style=\"text-align: center;\"><strong>Herzlich Willkommen im H\u00e4ndlerportal des M\u00fchlviertler FEUERzeug. <\/strong><\/p>\n<p style=\"text-align: center;\">Hier kannst du s\u00e4mtliche Produkte f\u00fcr den Wiederverkauf bestellen und Deine vergangenen Bestellungen abrufen.<\/p>\n<p style=\"text-align: center;\">Wir sind st\u00e4ndig bem\u00fcht Dir eine m\u00f6glichst gro\u00dfe Produktvielfalt zu bieten!\u00a0 Du findest im Shop alle jene Bio-Produkte, die auch wirklich gerade verf\u00fcgbar sind. Viel Spa\u00df beim Ausw\u00e4hlen und Einkaufen.<\/p>\n<\/div><\/section><\/p><\/div>\n<style type=\"text\/css\" data-created_by=\"avia_inline_auto\" id=\"style-css-av-80i6w-fb6a8d6ef0b0a97ae62306b0070dbb60\">\n.flex_column.av-80i6w-fb6a8d6ef0b0a97ae62306b0070dbb60{\nborder-radius:0px 0px 0px 0px;\npadding:0px 0px 0px 0px;\n}\n<\/style>\n<div  class='flex_column av-80i6w-fb6a8d6ef0b0a97ae62306b0070dbb60 av_one_full  avia-builder-el-4  el_after_av_one_full  avia-builder-el-last  first flex_column_div av-zero-column-padding  column-top-margin'     ><div  class='avia-button-wrap av-kemmfqy1-381af15eae7d73f0e97fe4c9d41571e2-wrap avia-button-center  avia-builder-el-5  avia-builder-el-no-sibling '><a href='https:\/\/www.feuer-zeug.at\/haendlerportal\/haendlerkonto\/'  class='avia-button av-kemmfqy1-381af15eae7d73f0e97fe4c9d41571e2 av-link-btn avia-icon_select-no avia-size-large avia-position-center avia-color-theme-color'   aria-label=\"Anmelden \/ Registrieren\"><span class='avia_iconbox_title' >Anmelden \/ Registrieren<\/span><\/a><\/div><\/div>\n\n<\/div><\/div><\/main><!-- close content main element --><\/div><\/div><div id='av_section_2'  class='avia-section av-2pcyn-871d6ded2fa9bccbc890ad52cc8aab7c main_color avia-section-default avia-no-border-styling  avia-builder-el-6  el_after_av_section  avia-builder-el-last  avia-bg-style-scroll container_wrap fullsize'  ><div class='container av-section-cont-open' ><div class='template-page content  av-content-full alpha units'><div class='post-entry post-entry-type-page post-entry-31'><div class='entry-content-wrapper clearfix'>\n\n<style type=\"text\/css\" data-created_by=\"avia_inline_auto\" id=\"style-css-av-7aiv-7201a31b480a8775d94657cae23bbb88\">\n.flex_column.av-7aiv-7201a31b480a8775d94657cae23bbb88{\nborder-radius:0px 0px 0px 0px;\npadding:0px 0px 0px 0px;\n}\n<\/style>\n<div  class='flex_column av-7aiv-7201a31b480a8775d94657cae23bbb88 av_one_full  avia-builder-el-7  el_before_av_one_third  avia-builder-el-first  first flex_column_div av-zero-column-padding  '     ><style type=\"text\/css\" data-created_by=\"avia_inline_auto\" id=\"style-css-av-kv6ouqwh-802173788228de5841cd525be8660438\">\n#top .av-special-heading.av-kv6ouqwh-802173788228de5841cd525be8660438{\npadding-bottom:10px;\n}\nbody .av-special-heading.av-kv6ouqwh-802173788228de5841cd525be8660438 .av-special-heading-tag .heading-char{\nfont-size:25px;\n}\n.av-special-heading.av-kv6ouqwh-802173788228de5841cd525be8660438 .av-subheading{\nfont-size:15px;\n}\n<\/style>\n<div  class='av-special-heading av-kv6ouqwh-802173788228de5841cd525be8660438 av-special-heading-h2 blockquote modern-quote modern-centered  avia-builder-el-8  avia-builder-el-no-sibling '><h2 class='av-special-heading-tag '  >Die Vorteile auf einen Blick<\/h2><div class=\"special-heading-border\"><div class=\"special-heading-inner-border\"><\/div><\/div><\/div><\/div><div class='flex_column_table av-5a9vb-eca93e4b126db07af59603435e8c15f3 sc-av_one_third av-equal-height-column-flextable'>\n<style type=\"text\/css\" data-created_by=\"avia_inline_auto\" id=\"style-css-av-5a9vb-eca93e4b126db07af59603435e8c15f3\">\n.flex_column.av-5a9vb-eca93e4b126db07af59603435e8c15f3{\nborder-width:1px;\nborder-color:#000000;\nborder-style:dashed;\npadding:25px 25px 25px 25px;\n}\n<\/style>\n<div  class='flex_column av-5a9vb-eca93e4b126db07af59603435e8c15f3 av_one_third  avia-builder-el-9  el_after_av_one_full  el_before_av_one_third  first flex_column_table_cell av-equal-height-column av-align-top  column-top-margin'     ><p>\n<style type=\"text\/css\" data-created_by=\"avia_inline_auto\" id=\"style-css-av-4ossr-e69fb337ffb4bc3cf2538c4fb1fbd5d8\">\n.av_font_icon.av-4ossr-e69fb337ffb4bc3cf2538c4fb1fbd5d8 .av-icon-char{\nfont-size:60px;\nline-height:60px;\n}\n<\/style>\n<span  class='av_font_icon av-4ossr-e69fb337ffb4bc3cf2538c4fb1fbd5d8 avia_animate_when_visible av-icon-style- avia-icon-pos-center avia-iconfont avia-font-entypo-fontello av-no-color avia-icon-animate'><span class='av-icon-char' data-av_icon='\ue827' data-av_iconfont='entypo-fontello' aria-hidden=\"true\" ><\/span><\/span><br \/>\n<section  class='av_textblock_section av-kv6p2hya-d55d1e950e43a7527fdfa42768b03450 '  ><div class='avia_textblock' ><p style=\"text-align: center;\">F\u00fcr deine Online-Bestellung bekommst Du zus\u00e4tzlich 3% Skonto.<\/p>\n<\/div><\/section><\/p><\/div><div class='av-flex-placeholder'><\/div>\n<style type=\"text\/css\" data-created_by=\"avia_inline_auto\" id=\"style-css-av-1noej-97676cfee4185c9718ec8c12a8ccf386\">\n.flex_column.av-1noej-97676cfee4185c9718ec8c12a8ccf386{\nborder-width:1px;\nborder-color:#000000;\nborder-style:dashed;\npadding:25px 25px 25px 25px;\n}\n<\/style>\n<div  class='flex_column av-1noej-97676cfee4185c9718ec8c12a8ccf386 av_one_third  avia-builder-el-12  el_after_av_one_third  el_before_av_one_third  flex_column_table_cell av-equal-height-column av-align-top  column-top-margin'     ><p>\n<style type=\"text\/css\" data-created_by=\"avia_inline_auto\" id=\"style-css-av-qzpf-4bb219482c194ebc13d4959c12930a08\">\n.av_font_icon.av-qzpf-4bb219482c194ebc13d4959c12930a08 .av-icon-char{\nfont-size:60px;\nline-height:60px;\n}\n<\/style>\n<span  class='av_font_icon av-qzpf-4bb219482c194ebc13d4959c12930a08 avia_animate_when_visible av-icon-style- avia-icon-pos-center avia-iconfont avia-font-entypo-fontello av-no-color avia-icon-animate'><span class='av-icon-char' data-av_icon='\ue806' data-av_iconfont='entypo-fontello' aria-hidden=\"true\" ><\/span><\/span><br \/>\n<section  class='av_textblock_section av-kv6p4xk3-091540d3bc20a942f21121635d04420c '  ><div class='avia_textblock' ><p style=\"text-align: center;\">Bei einer Bestellung ab 630 Euro gibt es nochmals 2% Mengenrabatt.<\/p>\n<\/div><\/section><\/p><\/div><div class='av-flex-placeholder'><\/div>\n<style type=\"text\/css\" data-created_by=\"avia_inline_auto\" id=\"style-css-av-2tw2v-0660f4c6746430fc38f43eb64256b1dc\">\n.flex_column.av-2tw2v-0660f4c6746430fc38f43eb64256b1dc{\nborder-width:1px;\nborder-color:#000000;\nborder-style:dashed;\npadding:25px 25px 25px 25px;\n}\n<\/style>\n<div  class='flex_column av-2tw2v-0660f4c6746430fc38f43eb64256b1dc av_one_third  avia-builder-el-15  el_after_av_one_third  el_before_av_one_third  flex_column_table_cell av-equal-height-column av-align-top  column-top-margin'     ><p>\n<style type=\"text\/css\" data-created_by=\"avia_inline_auto\" id=\"style-css-av-7mpr-0226695d07760bd36a3a5559a1d09280\">\n.av_font_icon.av-7mpr-0226695d07760bd36a3a5559a1d09280 .av-icon-char{\nfont-size:60px;\nline-height:60px;\n}\n<\/style>\n<span  class='av_font_icon av-7mpr-0226695d07760bd36a3a5559a1d09280 avia_animate_when_visible av-icon-style- avia-icon-pos-center avia-iconfont avia-font-entypo-fontello av-no-color avia-icon-animate'><span class='av-icon-char' data-av_icon='\ue808' data-av_iconfont='entypo-fontello' aria-hidden=\"true\" ><\/span><\/span><br \/>\n<section  class='av_textblock_section av-kv6p48d2-df4674656700775d919d84faf6be1484 '  ><div class='avia_textblock' ><p style=\"text-align: center;\">Ab einer Bestellung von 180 Euro ist der Versand in \u00d6sterreich kostenlos. In Deutschland ab einer Bestellung von 250 Euro.<\/p>\n<\/div><\/section><\/p><\/div><\/div><!--close column table wrapper. Autoclose: 1 --><div class='flex_column_table av-10j5b-a6147ca6161b2fc666044b5cc1ba8e46 sc-av_one_third av-equal-height-column-flextable'>\n<style type=\"text\/css\" data-created_by=\"avia_inline_auto\" id=\"style-css-av-10j5b-a6147ca6161b2fc666044b5cc1ba8e46\">\n.flex_column.av-10j5b-a6147ca6161b2fc666044b5cc1ba8e46{\nborder-width:1px;\nborder-color:#000000;\nborder-style:dashed;\npadding:25px 25px 25px 25px;\n}\n<\/style>\n<div  class='flex_column av-10j5b-a6147ca6161b2fc666044b5cc1ba8e46 av_one_third  avia-builder-el-18  el_after_av_one_third  el_before_av_one_third  first flex_column_table_cell av-equal-height-column av-align-top  column-top-margin'     ><p>\n<style type=\"text\/css\" data-created_by=\"avia_inline_auto\" id=\"style-css-av-kv6oz669-a43847e85a5798ea3c9be1f6998e5926\">\n.av_font_icon.av-kv6oz669-a43847e85a5798ea3c9be1f6998e5926 .av-icon-char{\nfont-size:60px;\nline-height:60px;\n}\n<\/style>\n<span  class='av_font_icon av-kv6oz669-a43847e85a5798ea3c9be1f6998e5926 avia_animate_when_visible av-icon-style- avia-icon-pos-center avia-iconfont avia-font-entypo-fontello av-no-color avia-icon-animate'><span class='av-icon-char' data-av_icon='\ue859' data-av_iconfont='entypo-fontello' aria-hidden=\"true\" ><\/span><\/span><br \/>\n<section  class='av_textblock_section av-kv6ox1rd-d9104d6f8be2a9f8f42ed2ea6f73f826 '  ><div class='avia_textblock' ><p style=\"text-align: center;\">Es sind alle derzeit verf\u00fcgbaren Bio-Chiliprodukte auf einen Blick ersichtlich.<\/p>\n<\/div><\/section><\/p><\/div><div class='av-flex-placeholder'><\/div>\n<style type=\"text\/css\" data-created_by=\"avia_inline_auto\" id=\"style-css-av-6fwhb-140ca07d76339026c0cf9160b7f3b7b9\">\n.flex_column.av-6fwhb-140ca07d76339026c0cf9160b7f3b7b9{\nborder-width:1px;\nborder-color:#000000;\nborder-style:dashed;\npadding:25px 25px 25px 25px;\n}\n<\/style>\n<div  class='flex_column av-6fwhb-140ca07d76339026c0cf9160b7f3b7b9 av_one_third  avia-builder-el-21  el_after_av_one_third  el_before_av_one_third  flex_column_table_cell av-equal-height-column av-align-top  column-top-margin'     ><p>\n<style type=\"text\/css\" data-created_by=\"avia_inline_auto\" id=\"style-css-av-joa3-aeb201c2f00e2945bcfaf0ac06fe0f69\">\n.av_font_icon.av-joa3-aeb201c2f00e2945bcfaf0ac06fe0f69 .av-icon-char{\nfont-size:60px;\nline-height:60px;\n}\n<\/style>\n<span  class='av_font_icon av-joa3-aeb201c2f00e2945bcfaf0ac06fe0f69 avia_animate_when_visible av-icon-style- avia-icon-pos-center avia-iconfont avia-font-entypo-fontello av-no-color avia-icon-animate'><span class='av-icon-char' data-av_icon='\ue80c' data-av_iconfont='entypo-fontello' aria-hidden=\"true\" ><\/span><\/span><br \/>\n<section  class='av_textblock_section av-kv6p1igb-242742683073354e7a009719b5a4dab9 '  ><div class='avia_textblock' ><p style=\"text-align: center;\">Du kannst Deine letzten Bestellungen ansehen, sie nochmals bestellen und deine Lieferadressen pflegen.<\/p>\n<\/div><\/section><\/p><\/div><div class='av-flex-placeholder'><\/div>\n<style type=\"text\/css\" data-created_by=\"avia_inline_auto\" id=\"style-css-av-3yz3b-a5e125f6843301c68153b884c6aa8565\">\n.flex_column.av-3yz3b-a5e125f6843301c68153b884c6aa8565{\nborder-width:1px;\nborder-color:#000000;\nborder-style:dashed;\npadding:25px 25px 25px 25px;\n}\n<\/style>\n<div  class='flex_column av-3yz3b-a5e125f6843301c68153b884c6aa8565 av_one_third  avia-builder-el-24  el_after_av_one_third  el_before_av_one_full  flex_column_table_cell av-equal-height-column av-align-top  column-top-margin'     ><p>\n<style type=\"text\/css\" data-created_by=\"avia_inline_auto\" id=\"style-css-av-3chwr-c1dffea7a14f7a54e21cd80fae50ecd6\">\n.av_font_icon.av-3chwr-c1dffea7a14f7a54e21cd80fae50ecd6 .av-icon-char{\nfont-size:60px;\nline-height:60px;\n}\n<\/style>\n<span  class='av_font_icon av-3chwr-c1dffea7a14f7a54e21cd80fae50ecd6 avia_animate_when_visible av-icon-style- avia-icon-pos-center avia-iconfont avia-font-entypo-fontello av-no-color avia-icon-animate'><span class='av-icon-char' data-av_icon='\ue842' data-av_iconfont='entypo-fontello' aria-hidden=\"true\" ><\/span><\/span><br \/>\n<section  class='av_textblock_section av-kv6p3jst-0c15e67ef72281b036ff5b9cb8ff6bc3 '  ><div class='avia_textblock' ><p style=\"text-align: center;\">Du kannst die Ware nun auch direkt abholen (Abholung entweder Dienstag nach Voranmeldung, oder Freitag zu den Ab-Hof-Zeiten von 14-17 Uhr).<\/p>\n<\/div><\/section><\/p><\/div><\/div><!--close column table wrapper. Autoclose: 1 -->\n<style type=\"text\/css\" data-created_by=\"avia_inline_auto\" id=\"style-css-av-1iodz-de3ad67ee643750b3786b3d9be35ab53\">\n.flex_column.av-1iodz-de3ad67ee643750b3786b3d9be35ab53{\nborder-radius:0px 0px 0px 0px;\npadding:0px 0px 0px 0px;\n}\n<\/style>\n<div  class='flex_column av-1iodz-de3ad67ee643750b3786b3d9be35ab53 av_one_full  avia-builder-el-27  el_after_av_one_third  avia-builder-el-last  first flex_column_div av-zero-column-padding  column-top-margin'     ><div  class='avia-button-wrap av-zi3z-f25be78d40a7f0adab4e91eb100c0a90-wrap avia-button-center  avia-builder-el-28  avia-builder-el-no-sibling '><a href='https:\/\/www.feuer-zeug.at\/haendlerportal\/haendlerkonto\/'  class='avia-button av-zi3z-f25be78d40a7f0adab4e91eb100c0a90 av-link-btn avia-icon_select-no avia-size-large avia-position-center avia-color-theme-color'   aria-label=\"Anmelden \/ Registrieren\"><span class='avia_iconbox_title' >Anmelden \/ Registrieren<\/span><\/a><\/div><\/div>\n","protected":false},"excerpt":{"rendered":"","protected":false},"author":1,"featured_media":0,"parent":0,"menu_order":0,"comment_status":"open","ping_status":"open","template":"","meta":{"_acf_changed":false,"inline_featured_image":false,"footnotes":""},"class_list":["post-31","page","type-page","status-publish","hentry"],"acf":[],"_links":{"self":[{"href":"https:\/\/www.feuer-zeug.at\/haendlerportal\/wp-json\/wp\/v2\/pages\/31","targetHints":{"allow":["GET"]}}],"collection":[{"href":"https:\/\/www.feuer-zeug.at\/haendlerportal\/wp-json\/wp\/v2\/pages"}],"about":[{"href":"https:\/\/www.feuer-zeug.at\/haendlerportal\/wp-json\/wp\/v2\/types\/page"}],"author":[{"embeddable":true,"href":"https:\/\/www.feuer-zeug.at\/haendlerportal\/wp-json\/wp\/v2\/users\/1"}],"replies":[{"embeddable":true,"href":"https:\/\/www.feuer-zeug.at\/haendlerportal\/wp-json\/wp\/v2\/comments?post=31"}],"version-history":[{"count":4,"href":"https:\/\/www.feuer-zeug.at\/haendlerportal\/wp-json\/wp\/v2\/pages\/31\/revisions"}],"predecessor-version":[{"id":3209,"href":"https:\/\/www.feuer-zeug.at\/haendlerportal\/wp-json\/wp\/v2\/pages\/31\/revisions\/3209"}],"wp:attachment":[{"href":"https:\/\/www.feuer-zeug.at\/haendlerportal\/wp-json\/wp\/v2\/media?parent=31"}],"curies":[{"name":"wp","href":"https:\/\/api.w.org\/{rel}","templated":true}]}}